{"id":1502,"date":"2023-02-14T15:00:51","date_gmt":"2023-02-14T14:00:51","guid":{"rendered":"https:\/\/thegreaterfool.de\/site\/?page_id=1502"},"modified":"2023-06-06T15:36:08","modified_gmt":"2023-06-06T13:36:08","slug":"about-us","status":"publish","type":"page","link":"https:\/\/thegreaterfool.de\/site\/about-us\/","title":{"rendered":"About us"},"content":{"rendered":"\n<figure class=\"wp-block-image size-large\"><img loading=\"lazy\" decoding=\"async\" width=\"2048\" height=\"587\" src=\"https:\/\/thegreaterfool.de\/site\/wp-content\/uploads\/2023\/06\/TheFools-2048x587.png\" alt=\"\" class=\"wp-image-1534\" srcset=\"https:\/\/thegreaterfool.de\/site\/wp-content\/uploads\/2023\/06\/TheFools-2048x587.png 2048w, https:\/\/thegreaterfool.de\/site\/wp-content\/uploads\/2023\/06\/TheFools-300x86.png 300w, https:\/\/thegreaterfool.de\/site\/wp-content\/uploads\/2023\/06\/TheFools-768x220.png 768w, https:\/\/thegreaterfool.de\/site\/wp-content\/uploads\/2023\/06\/TheFools-1536x440.png 1536w\" sizes=\"auto, (max-width: 2048px) 100vw, 2048px\" \/><\/figure>\n\n\n\n<p>The Greater Fool is a young production company founded by Daniel R\u00fcbesam, Fabian Baier and Felix Fai\u00dft after their studies at the Filmakademie Baden-W\u00fcrttemberg in Ludwigsburg. Our focus is on elevated feature films and tv series. We follow our passion for a large variety of genres, taking advantage of the opportunity to present important topics in a more compelling and entertaining way.<\/p>\n","protected":false},"excerpt":{"rendered":"<p>The Greater Fool is a young production company founded by Daniel R\u00fcbesam, Fabian Baier and&hellip;<\/p>\n","protected":false},"author":1,"featured_media":0,"parent":0,"menu_order":0,"comment_status":"closed","ping_status":"closed","template":"","meta":{"footnotes":""},"class_list":["post-1502","page","type-page","status-publish","hentry","has-content"],"_links":{"self":[{"href":"https:\/\/thegreaterfool.de\/site\/wp-json\/wp\/v2\/pages\/1502","targetHints":{"allow":["GET"]}}],"collection":[{"href":"https:\/\/thegreaterfool.de\/site\/wp-json\/wp\/v2\/pages"}],"about":[{"href":"https:\/\/thegreaterfool.de\/site\/wp-json\/wp\/v2\/types\/page"}],"author":[{"embeddable":true,"href":"https:\/\/thegreaterfool.de\/site\/wp-json\/wp\/v2\/users\/1"}],"replies":[{"embeddable":true,"href":"https:\/\/thegreaterfool.de\/site\/wp-json\/wp\/v2\/comments?post=1502"}],"version-history":[{"count":6,"href":"https:\/\/thegreaterfool.de\/site\/wp-json\/wp\/v2\/pages\/1502\/revisions"}],"predecessor-version":[{"id":1536,"href":"https:\/\/thegreaterfool.de\/site\/wp-json\/wp\/v2\/pages\/1502\/revisions\/1536"}],"wp:attachment":[{"href":"https:\/\/thegreaterfool.de\/site\/wp-json\/wp\/v2\/media?parent=1502"}],"curies":[{"name":"wp","href":"https:\/\/api.w.org\/{rel}","templated":true}]}}